{"id":4405,"date":"2025-03-12T15:31:51","date_gmt":"2025-03-12T13:31:51","guid":{"rendered":"https:\/\/fabrik.fi\/?post_type=product&#038;p=4405"},"modified":"2024-12-11T09:04:01","modified_gmt":"2024-12-11T07:04:01","slug":"corporate-responsibility","status":"publish","type":"product","link":"https:\/\/fabrik.fi\/en\/corporate-responsibility\/","title":{"rendered":"Corporate Responsibility"},"content":{"rendered":"<div class=\"block-container boxed container\">\n<div id=\"hero-text-block_cf6ff3bd1d73cd8c71bddb82cc903a17\" class=\"hero-text-block py-4\">\n    <div class=\"hero-text-wrapper d-flex flex-column text-left\">\n                    <H1 class=\"hero-text-title big-title  order-2\">Responsibility is a strategy<\/H1>\n                    <H2 class=\"hero-text-subtitle text-uppercase h4\">CORPORATE RESPONSIBILITY<\/H2>\n            <\/div>\n<\/div><\/div>\n\n<div class=\"block-container boxed container\">\n<div id=\"intro-block_f5b205cc98df963181b20a0fa832a690\" class=\"intro-block mt-5 pt-5\">\n    <div class=\"ingress\"><p>Competitive advantage comes from doing things better, faster and smarter than anyone else. Our products help you take a holistic view of corporate responsibility and understand what&#8217;s most important to your competitiveness. Our liability products are based on the standards of the international and prestigious <strong><a href=\"https:\/\/fabrik.fi\/b-corp-sertifiointi\/\">B Corp\u2122 certification<\/a><\/strong>.<\/p>\n<\/div><\/div><\/div>\n\n<div class=\"block-container boxed container\">\n<p class=\"has-medium-font-size\">We offer you <strong>two trained B Leaders<\/strong>, who are sustainability professionals specialised in guiding companies through the B Corp certification process.<\/p>\n<\/div>\n\n\n<div style=\"height:50px\" aria-hidden=\"true\" class=\"wp-block-spacer\"><\/div>\n\n\n<div class=\"block-container boxed container\">\n<h4 class=\"wp-block-heading\">OUR SERVICES<\/h4>\n<\/div>\n\n\n<div style=\"height:50px\" aria-hidden=\"true\" class=\"wp-block-spacer\"><\/div>\n\n\n<div class=\"block-container boxed container\">\n<div class=\"wp-block-columns is-layout-flex wp-container-core-columns-is-layout-9d6595d7 wp-block-columns-is-layout-flex\">\n<div class=\"wp-block-column is-layout-flow wp-block-column-is-layout-flow\" style=\"flex-basis:33.3%\"><div class=\"block-container boxed container\">\n<figure class=\"wp-block-image size-large is-resized is-style-rounded\"><img decoding=\"async\" width=\"1024\" height=\"576\" src=\"https:\/\/fabrik.fi\/wp-content\/uploads\/2022\/11\/Fanrik_bannerit_some_numerot-1024x576.jpg\" alt=\"\" class=\"wp-image-1860\" style=\"width:350px\" srcset=\"https:\/\/fabrik.fi\/wp-content\/uploads\/2022\/11\/Fanrik_bannerit_some_numerot-1024x576.jpg 1024w, https:\/\/fabrik.fi\/wp-content\/uploads\/2022\/11\/Fanrik_bannerit_some_numerot-300x169.jpg 300w, https:\/\/fabrik.fi\/wp-content\/uploads\/2022\/11\/Fanrik_bannerit_some_numerot-768x432.jpg 768w, https:\/\/fabrik.fi\/wp-content\/uploads\/2022\/11\/Fanrik_bannerit_some_numerot-1536x864.jpg 1536w, https:\/\/fabrik.fi\/wp-content\/uploads\/2022\/11\/Fanrik_bannerit_some_numerot.jpg 1920w\" sizes=\"(max-width: 1024px) 100vw, 1024px\" \/><\/figure>\n<\/div>\n\n\n<div style=\"height:30px\" aria-hidden=\"true\" class=\"wp-block-spacer\"><\/div>\n\n\n<div class=\"block-container boxed container\">\n<h4 class=\"wp-block-heading alignwide has-large-font-size\">SUSTAINABILITY MAPPING<\/h4>\n<\/div>\n\n\n<div style=\"height:10px\" aria-hidden=\"true\" class=\"wp-block-spacer\"><\/div>\n\n\n<div class=\"block-container boxed container\">\n<p class=\"has-medium-font-size\" style=\"letter-spacing:-0.7px\">A comprehensive sustainability mapping will give you a clear understanding of how sustainability is currently implemented in your company. We will identify areas for improvement to help you improve your sustainability performance and meet stakeholder expectations.<\/p>\n<\/div><\/div>\n\n\n\n<div class=\"wp-block-column is-layout-flow wp-block-column-is-layout-flow\" style=\"flex-basis:33.3%\"><div class=\"block-container boxed container\">\n<figure class=\"wp-block-image size-large is-resized is-style-rounded\"><img decoding=\"async\" width=\"1024\" height=\"576\" src=\"https:\/\/fabrik.fi\/wp-content\/uploads\/2022\/11\/Fanrik_bannerit_some_numerot2-1024x576.jpg\" alt=\"\" class=\"wp-image-1862\" style=\"width:350px\" srcset=\"https:\/\/fabrik.fi\/wp-content\/uploads\/2022\/11\/Fanrik_bannerit_some_numerot2-1024x576.jpg 1024w, https:\/\/fabrik.fi\/wp-content\/uploads\/2022\/11\/Fanrik_bannerit_some_numerot2-300x169.jpg 300w, https:\/\/fabrik.fi\/wp-content\/uploads\/2022\/11\/Fanrik_bannerit_some_numerot2-768x432.jpg 768w, https:\/\/fabrik.fi\/wp-content\/uploads\/2022\/11\/Fanrik_bannerit_some_numerot2-1536x864.jpg 1536w, https:\/\/fabrik.fi\/wp-content\/uploads\/2022\/11\/Fanrik_bannerit_some_numerot2.jpg 1920w\" sizes=\"(max-width: 1024px) 100vw, 1024px\" \/><\/figure>\n<\/div>\n\n\n<div style=\"height:30px\" aria-hidden=\"true\" class=\"wp-block-spacer\"><\/div>\n\n\n<div class=\"block-container boxed container\">\n<h4 class=\"wp-block-heading alignwide has-large-font-size\">SUSTAINABILITY STRATEGY<\/h4>\n<\/div>\n\n\n<div style=\"height:10px\" aria-hidden=\"true\" class=\"wp-block-spacer\"><\/div>\n\n\n<div class=\"block-container boxed container\">\n<p class=\"has-medium-font-size\" style=\"letter-spacing:-0.7px\">We will develop a tailored sustainability strategy for your company, taking into account the specific characteristics and objectives of your business. It will help you to integrate sustainability principles into your everyday life and build sustainable growth for the future.<\/p>\n<\/div><\/div>\n\n\n\n<div class=\"wp-block-column is-layout-flow wp-block-column-is-layout-flow\" style=\"flex-basis:33.3%\"><div class=\"block-container boxed container\">\n<figure class=\"wp-block-image size-large is-resized is-style-rounded\"><img decoding=\"async\" width=\"1024\" height=\"576\" src=\"https:\/\/fabrik.fi\/wp-content\/uploads\/2022\/11\/Fanrik_bannerit_some_numerot3-1024x576.jpg\" alt=\"\" class=\"wp-image-1864\" style=\"width:350px\" srcset=\"https:\/\/fabrik.fi\/wp-content\/uploads\/2022\/11\/Fanrik_bannerit_some_numerot3-1024x576.jpg 1024w, https:\/\/fabrik.fi\/wp-content\/uploads\/2022\/11\/Fanrik_bannerit_some_numerot3-300x169.jpg 300w, https:\/\/fabrik.fi\/wp-content\/uploads\/2022\/11\/Fanrik_bannerit_some_numerot3-768x432.jpg 768w, https:\/\/fabrik.fi\/wp-content\/uploads\/2022\/11\/Fanrik_bannerit_some_numerot3-1536x864.jpg 1536w, https:\/\/fabrik.fi\/wp-content\/uploads\/2022\/11\/Fanrik_bannerit_some_numerot3.jpg 1920w\" sizes=\"(max-width: 1024px) 100vw, 1024px\" \/><\/figure>\n<\/div>\n\n\n<div style=\"height:30px\" aria-hidden=\"true\" class=\"wp-block-spacer\"><\/div>\n\n\n<div class=\"block-container boxed container\">\n<h4 class=\"wp-block-heading alignwide has-large-font-size\">B Corp\u2122 certification<\/h4>\n<\/div>\n\n\n<div style=\"height:10px\" aria-hidden=\"true\" class=\"wp-block-spacer\"><\/div>\n\n\n<div class=\"block-container boxed container\">\n<p class=\"has-medium-font-size\" style=\"letter-spacing:-0.7px\">B Corp certification is a recognition of a company&#8217;s commitment to high standards of responsibility. We support you throughout the certification process and ensure that your company meets the required criteria for social and environmental responsibility.<\/p>\n<\/div><\/div>\n<\/div>\n<\/div>\n\n<div class=\"block-container boxed container\">\n<div class=\"wp-block-columns is-layout-flex wp-container-core-columns-is-layout-9d6595d7 wp-block-columns-is-layout-flex\">\n<div class=\"wp-block-column is-layout-flow wp-block-column-is-layout-flow\" style=\"flex-basis:60%\"><\/div>\n\n\n\n<div class=\"wp-block-column is-layout-flow wp-block-column-is-layout-flow\" style=\"flex-basis:40%\"><div class=\"block-container boxed container\">\n<div class=\"single-button text-center\">\n    <a href=\"https:\/\/fabrik.fi\/b-corp-sertifiointi\/\" class=\"btn\n        btn-outline-secondary\">B Corp\u2122 certification<\/a>\n<\/div><\/div><\/div>\n<\/div>\n<\/div>\n\n\n<div style=\"height:30px\" aria-hidden=\"true\" class=\"wp-block-spacer\"><\/div>\n\n\n<div class=\"block-container boxed container\">\n<h4 class=\"wp-block-heading\">OUR TEAM GUARANTEES EXPERTISE IN THE FIELD<\/h4>\n<\/div>\n\n\n<div style=\"height:20px\" aria-hidden=\"true\" class=\"wp-block-spacer\"><\/div>\n\n\n<div class=\"block-container boxed container\">\n<p class=\"has-medium-font-size\">We have extensive experience in integrating sustainability into companies&#8217; business strategies. Fabrik has been involved in a wide range of sustainability projects and our experts actively monitor the latest trends and standards in the field to provide you with the most up-to-date information and the most appropriate solutions for your business. Led by our two B Leaders and one of the first in Finland to have completed ESG-R corporate training, we will create the best corporate responsibility package for you.<\/p>\n<\/div>\n\n\n<div style=\"height:50px\" aria-hidden=\"true\" class=\"wp-block-spacer\"><\/div>\n\n\n\n<div style=\"height:0px\" aria-hidden=\"true\" class=\"wp-block-spacer\"><\/div>\n\n\n<div class=\"block-container boxed container\">\n<div class=\"wp-block-columns is-layout-flex wp-container-core-columns-is-layout-9d6595d7 wp-block-columns-is-layout-flex\">\n<div class=\"wp-block-column is-vertically-aligned-center is-layout-flow wp-block-column-is-layout-flow\" style=\"flex-basis:25%\"><div class=\"block-container boxed container\">\n<figure class=\"wp-block-image size-full is-resized\"><img decoding=\"async\" width=\"308\" height=\"484\" src=\"https:\/\/fabrik.fi\/wp-content\/uploads\/2024\/11\/sitaattikuva-sampsa-pysty.png\" alt=\"\" class=\"wp-image-4414\" style=\"width:250px\" srcset=\"https:\/\/fabrik.fi\/wp-content\/uploads\/2024\/11\/sitaattikuva-sampsa-pysty.png 308w, https:\/\/fabrik.fi\/wp-content\/uploads\/2024\/11\/sitaattikuva-sampsa-pysty-191x300.png 191w\" sizes=\"(max-width: 308px) 100vw, 308px\" \/><\/figure>\n<\/div><\/div>\n\n\n\n<div class=\"wp-block-column is-vertically-aligned-center is-layout-flow wp-block-column-is-layout-flow\" style=\"flex-basis:72.5%\"><div class=\"block-container boxed container\">\n<p>&#8220;At Mediateko, we think we are a tribe working for the good. We see sustainability as a strong strategic competitive advantage. We are an ambitious outdoor advertising growth company with a current turnover of \u20ac8.2 million, and our goal is to grow to \u20ac20 million in five years. Fabrik is a great partner not only in shaping sustainability, but also in driving business and positive change.&#8221;<\/p>\n<\/div>\n\n<div class=\"block-container boxed container\">\n<p>\u2014 Sampsa Savolainen<\/p>\n<\/div>\n\n<div class=\"block-container boxed container\">\n<p><strong>Read Mediateko&#8217;s latest report <a href=\"https:\/\/mediateko.webhotel.at-flow.com\/\">here<\/a><\/strong>&nbsp;(in Finnish).<\/p>\n<\/div><\/div>\n<\/div>\n<\/div>\n\n<div class=\"block-container boxed container\">\n<div class=\"wp-block-columns are-vertically-aligned-center is-layout-flex wp-container-core-columns-is-layout-9d6595d7 wp-block-columns-is-layout-flex\">\n<div class=\"wp-block-column is-vertically-aligned-center is-layout-flow wp-block-column-is-layout-flow\" style=\"flex-basis:66.5675%\">\n<div style=\"height:20px\" aria-hidden=\"true\" class=\"wp-block-spacer\"><\/div>\n\n\n<div class=\"block-container boxed container\">\n<h4 class=\"wp-block-heading\">TAKE A STEP TOWARDS MORE RESPONSIBLE BUSINESS<\/h4>\n<\/div>\n\n\n<div style=\"height:20px\" aria-hidden=\"true\" class=\"wp-block-spacer\"><\/div>\n\n\n<div class=\"block-container boxed container\">\n<p class=\"has-medium-font-size\">Does your business need help to start or advance its sustainability journey? Contact us and together we will create a path towards corporate responsibility that suits you!<\/p>\n<\/div><\/div>\n\n\n\n<div class=\"wp-block-column is-vertically-aligned-center is-layout-flow wp-block-column-is-layout-flow\" style=\"flex-basis:25%\"><div class=\"block-container boxed container\">\n<figure class=\"wp-block-image size-full is-resized\"><img decoding=\"async\" width=\"308\" height=\"484\" src=\"https:\/\/fabrik.fi\/wp-content\/uploads\/2024\/11\/Fabrik_www_tuote-yritysvastuu-pysty2.png\" alt=\"\" class=\"wp-image-4408\" style=\"width:240px\" srcset=\"https:\/\/fabrik.fi\/wp-content\/uploads\/2024\/11\/Fabrik_www_tuote-yritysvastuu-pysty2.png 308w, https:\/\/fabrik.fi\/wp-content\/uploads\/2024\/11\/Fabrik_www_tuote-yritysvastuu-pysty2-191x300.png 191w\" sizes=\"(max-width: 308px) 100vw, 308px\" \/><\/figure>\n<\/div><\/div>\n<\/div>\n<\/div>\n\n\n<div style=\"height:60px\" aria-hidden=\"true\" class=\"wp-block-spacer\"><\/div>\n\n\n<div class=\"block-container boxed container\">\n<h4 class=\"wp-block-heading has-text-align-left\">Check out our other products too<\/h4>\n<\/div>\n<div style=\"height:30px\" aria-hidden=\"true\" class=\"wp-block-spacer\"><\/div>\n<div class=\"block-container boxed container\">    <div id=\"button-group-block_c119f125dd3bdc164fa18b656aed45f9\" class=\"button-group-block\">\n        <div class=\"button-group-wrapper d-flex flex-wrap\">\n                            <div class=\"button-wrapper mr-3 mb-3\">\n                    <a class=\"btn btn-outline-secondary btn-small button-group-item logo-link\" href=\"https:\/\/fabrik.fi\/en\/b-corp-certification\/\">B Corp certification<\/a>                <\/div>\n                            <div class=\"button-wrapper mr-3 mb-3\">\n                    <a class=\"btn btn-outline-secondary btn-small button-group-item logo-link\" href=\"https:\/\/fabrik.fi\/en\/corporate-responsibility\/\">Corporate responsibility<\/a>                <\/div>\n                            <div class=\"button-wrapper mr-3 mb-3\">\n                    <a class=\"btn btn-outline-secondary btn-small button-group-item logo-link\" href=\"https:\/\/fabrik.fi\/en\/crisis-communication\/\">Crisis communication<\/a>                <\/div>\n                            <div class=\"button-wrapper mr-3 mb-3\">\n                    <a class=\"btn btn-outline-secondary btn-small button-group-item logo-link\" href=\"https:\/\/fabrik.fi\/en\/employer-branding\/\">Employer branding<\/a>                <\/div>\n                            <div class=\"button-wrapper mr-3 mb-3\">\n                    <a class=\"btn btn-outline-secondary btn-small button-group-item logo-link\" href=\"https:\/\/fabrik.fi\/en\/sustainability-report\/\">Sustainability report<\/a>                <\/div>\n                            <div class=\"button-wrapper mr-3 mb-3\">\n                    <a class=\"btn btn-outline-secondary btn-small button-group-item logo-link\" href=\"https:\/\/fabrik.fi\/en\/communication-marketing\/\">Communicating &#038; Marketing<\/a>                <\/div>\n                    <\/div>\n    <\/div>\n<\/div>\n\n\n<div style=\"height:100px\" aria-hidden=\"true\" class=\"wp-block-spacer\"><\/div>\n\n\n<div class=\"block-container boxed container\">\n<div id=\"cta-block_b4f9517799c23d702891f1366ffe659c\" class=\"cta-block\">\n    <div class=\"cta-contact-persons  pt-5 pt-lg-0\">\n        <hr class=\"w-100 ml-0 pt-3\">\n            <div class=\"row\">\n                                    <div class=\"col-md-6\">\n                        <div class=\"staff-list-image mb-3\">\n                                                <\/div>\n                    <\/div>\n                    <div class=\"col-md-6 d-flex align-items-center\">\n                        <div class=\"staff-list-item my-3\">\n                            <h3 class=\"cta-title h4\">Interested?\r\nLet&#8217;s get in touch<\/h3>\n                            \n                            <hr class=\"w-50 ml-0 pt-3\">\n                            \n                            <p class=\"staff-list-name h5 pb-1\">Perttu Kouvalainen<\/p>\n                            <p class=\"staff-list-title h5 mb-3\">CEO, Partner<\/p>\n                            <div class=\"staff-link-wrapper\">\n                                <a href=\"tel:0400570270\" class=\"staff-list-phone h5 mb-0 d-block pb-1\">0400570270<\/a>\n                                <a href=\"mailto:perttu@fabrik.fi\" class=\"staff-list-email h5 mb-0 d-block pb-1\">perttu@fabrik.fi<\/a>\n                            <\/div>\n                            <!-- <div class=\"staff-list-some font-size-24\">\n                                <a href=\"https:\/\/api.whatsapp.com\/send?phone=358400570270\" class=\"staff-list-some-item pr-2\"><i class=\"fab fa-whatsapp\"><\/i><\/a><a href=\"https:\/\/www.linkedin.com\/in\/perttukouvalainen\/\" class=\"staff-list-some-item pr-2\"><i class=\"fab fa-linkedin\"><\/i><\/a>                            <\/div> -->\n                        <\/div>\n                    <\/div>\n                            <\/div>\n        <hr class=\"w-100 ml-0 pt-3\">\n    <\/div>\n<\/div><\/div>","protected":false},"excerpt":{"rendered":"<p>Our products help you to take a holistic view of corporate responsibility and understand what is most essential to your competitiveness. Our liability products are based on the standards of the international B Corp Certificate.<\/p>\n","protected":false},"featured_media":4285,"template":"","categories":[],"class_list":["post-4405","product","type-product","status-publish","has-post-thumbnail","hentry"],"acf":[],"yoast_head":"<!-- This site is optimized with the Yoast SEO plugin v27.4 - https:\/\/yoast.com\/product\/yoast-seo-wordpress\/ -->\n<title>Corporate Responsibility - Fabrik<\/title>\n<meta name=\"description\" content=\"What does responsible business means for your organisation? Fabrik helps you create a truly impactful brand. Find out more!\" \/>\n<meta name=\"robots\" content=\"index, follow, max-snippet:-1, max-image-preview:large, max-video-preview:-1\" \/>\n<link rel=\"canonical\" href=\"https:\/\/fabrik.fi\/en\/corporate-responsibility\/\" \/>\n<meta property=\"og:locale\" content=\"en_US\" \/>\n<meta property=\"og:type\" content=\"article\" \/>\n<meta property=\"og:title\" content=\"Corporate Responsibility - Fabrik\" \/>\n<meta property=\"og:description\" content=\"What does responsible business means for your organisation? Fabrik helps you create a truly impactful brand. Find out more!\" \/>\n<meta property=\"og:url\" content=\"https:\/\/fabrik.fi\/en\/corporate-responsibility\/\" \/>\n<meta property=\"og:site_name\" content=\"Fabrik\" \/>\n<meta property=\"og:image\" content=\"https:\/\/fabrik.fi\/wp-content\/uploads\/2023\/01\/Fabrik_www_tuote-yritysvastuu.png\" \/>\n\t<meta property=\"og:image:width\" content=\"523\" \/>\n\t<meta property=\"og:image:height\" content=\"246\" \/>\n\t<meta property=\"og:image:type\" content=\"image\/png\" \/>\n<meta name=\"twitter:card\" content=\"summary_large_image\" \/>\n<meta name=\"twitter:label1\" content=\"Est. reading time\" \/>\n\t<meta name=\"twitter:data1\" content=\"4 minutes\" \/>\n<script type=\"application\/ld+json\" class=\"yoast-schema-graph\">{\"@context\":\"https:\\\/\\\/schema.org\",\"@graph\":[{\"@type\":\"WebPage\",\"@id\":\"https:\\\/\\\/fabrik.fi\\\/en\\\/corporate-responsibility\\\/\",\"url\":\"https:\\\/\\\/fabrik.fi\\\/en\\\/corporate-responsibility\\\/\",\"name\":\"Corporate Responsibility - Fabrik\",\"isPartOf\":{\"@id\":\"https:\\\/\\\/fabrik.fi\\\/en\\\/#website\"},\"primaryImageOfPage\":{\"@id\":\"https:\\\/\\\/fabrik.fi\\\/en\\\/corporate-responsibility\\\/#primaryimage\"},\"image\":{\"@id\":\"https:\\\/\\\/fabrik.fi\\\/en\\\/corporate-responsibility\\\/#primaryimage\"},\"thumbnailUrl\":\"https:\\\/\\\/fabrik.fi\\\/wp-content\\\/uploads\\\/2023\\\/01\\\/Fabrik_www_tuote-yritysvastuu.png\",\"datePublished\":\"2025-03-12T13:31:51+00:00\",\"description\":\"What does responsible business means for your organisation? Fabrik helps you create a truly impactful brand. Find out more!\",\"breadcrumb\":{\"@id\":\"https:\\\/\\\/fabrik.fi\\\/en\\\/corporate-responsibility\\\/#breadcrumb\"},\"inLanguage\":\"en-US\",\"potentialAction\":[{\"@type\":\"ReadAction\",\"target\":[\"https:\\\/\\\/fabrik.fi\\\/en\\\/corporate-responsibility\\\/\"]}]},{\"@type\":\"ImageObject\",\"inLanguage\":\"en-US\",\"@id\":\"https:\\\/\\\/fabrik.fi\\\/en\\\/corporate-responsibility\\\/#primaryimage\",\"url\":\"https:\\\/\\\/fabrik.fi\\\/wp-content\\\/uploads\\\/2023\\\/01\\\/Fabrik_www_tuote-yritysvastuu.png\",\"contentUrl\":\"https:\\\/\\\/fabrik.fi\\\/wp-content\\\/uploads\\\/2023\\\/01\\\/Fabrik_www_tuote-yritysvastuu.png\",\"width\":523,\"height\":246,\"caption\":\"Vastuullisuusraportointi auttaa hallitsemaan riskej\u00e4 ja hy\u00f6dynt\u00e4m\u00e4\u00e4n mahdollisuuksia I Fabrik\"},{\"@type\":\"BreadcrumbList\",\"@id\":\"https:\\\/\\\/fabrik.fi\\\/en\\\/corporate-responsibility\\\/#breadcrumb\",\"itemListElement\":[{\"@type\":\"ListItem\",\"position\":1,\"name\":\"Etusivu\",\"item\":\"https:\\\/\\\/fabrik.fi\\\/en\\\/\"},{\"@type\":\"ListItem\",\"position\":2,\"name\":\"Product\",\"item\":\"https:\\\/\\\/fabrik.fi\\\/en\\\/product\\\/\"},{\"@type\":\"ListItem\",\"position\":3,\"name\":\"Corporate Responsibility\"}]},{\"@type\":\"WebSite\",\"@id\":\"https:\\\/\\\/fabrik.fi\\\/en\\\/#website\",\"url\":\"https:\\\/\\\/fabrik.fi\\\/en\\\/\",\"name\":\"Fabrik\",\"description\":\"Shifting business for good\",\"publisher\":{\"@id\":\"https:\\\/\\\/fabrik.fi\\\/en\\\/#organization\"},\"potentialAction\":[{\"@type\":\"SearchAction\",\"target\":{\"@type\":\"EntryPoint\",\"urlTemplate\":\"https:\\\/\\\/fabrik.fi\\\/en\\\/?s={search_term_string}\"},\"query-input\":{\"@type\":\"PropertyValueSpecification\",\"valueRequired\":true,\"valueName\":\"search_term_string\"}}],\"inLanguage\":\"en-US\"},{\"@type\":\"Organization\",\"@id\":\"https:\\\/\\\/fabrik.fi\\\/en\\\/#organization\",\"name\":\"Fabrik\",\"url\":\"https:\\\/\\\/fabrik.fi\\\/en\\\/\",\"logo\":{\"@type\":\"ImageObject\",\"inLanguage\":\"en-US\",\"@id\":\"https:\\\/\\\/fabrik.fi\\\/en\\\/#\\\/schema\\\/logo\\\/image\\\/\",\"url\":\"https:\\\/\\\/fabrik.fi\\\/wp-content\\\/uploads\\\/2023\\\/01\\\/elementit_5.png\",\"contentUrl\":\"https:\\\/\\\/fabrik.fi\\\/wp-content\\\/uploads\\\/2023\\\/01\\\/elementit_5.png\",\"width\":933,\"height\":1417,\"caption\":\"Fabrik\"},\"image\":{\"@id\":\"https:\\\/\\\/fabrik.fi\\\/en\\\/#\\\/schema\\\/logo\\\/image\\\/\"}}]}<\/script>\n<!-- \/ Yoast SEO plugin. -->","yoast_head_json":{"title":"Corporate Responsibility - Fabrik","description":"What does responsible business means for your organisation? Fabrik helps you create a truly impactful brand. Find out more!","robots":{"index":"index","follow":"follow","max-snippet":"max-snippet:-1","max-image-preview":"max-image-preview:large","max-video-preview":"max-video-preview:-1"},"canonical":"https:\/\/fabrik.fi\/en\/corporate-responsibility\/","og_locale":"en_US","og_type":"article","og_title":"Corporate Responsibility - Fabrik","og_description":"What does responsible business means for your organisation? Fabrik helps you create a truly impactful brand. Find out more!","og_url":"https:\/\/fabrik.fi\/en\/corporate-responsibility\/","og_site_name":"Fabrik","og_image":[{"width":523,"height":246,"url":"https:\/\/fabrik.fi\/wp-content\/uploads\/2023\/01\/Fabrik_www_tuote-yritysvastuu.png","type":"image\/png"}],"twitter_card":"summary_large_image","twitter_misc":{"Est. reading time":"4 minutes"},"schema":{"@context":"https:\/\/schema.org","@graph":[{"@type":"WebPage","@id":"https:\/\/fabrik.fi\/en\/corporate-responsibility\/","url":"https:\/\/fabrik.fi\/en\/corporate-responsibility\/","name":"Corporate Responsibility - Fabrik","isPartOf":{"@id":"https:\/\/fabrik.fi\/en\/#website"},"primaryImageOfPage":{"@id":"https:\/\/fabrik.fi\/en\/corporate-responsibility\/#primaryimage"},"image":{"@id":"https:\/\/fabrik.fi\/en\/corporate-responsibility\/#primaryimage"},"thumbnailUrl":"https:\/\/fabrik.fi\/wp-content\/uploads\/2023\/01\/Fabrik_www_tuote-yritysvastuu.png","datePublished":"2025-03-12T13:31:51+00:00","description":"What does responsible business means for your organisation? Fabrik helps you create a truly impactful brand. Find out more!","breadcrumb":{"@id":"https:\/\/fabrik.fi\/en\/corporate-responsibility\/#breadcrumb"},"inLanguage":"en-US","potentialAction":[{"@type":"ReadAction","target":["https:\/\/fabrik.fi\/en\/corporate-responsibility\/"]}]},{"@type":"ImageObject","inLanguage":"en-US","@id":"https:\/\/fabrik.fi\/en\/corporate-responsibility\/#primaryimage","url":"https:\/\/fabrik.fi\/wp-content\/uploads\/2023\/01\/Fabrik_www_tuote-yritysvastuu.png","contentUrl":"https:\/\/fabrik.fi\/wp-content\/uploads\/2023\/01\/Fabrik_www_tuote-yritysvastuu.png","width":523,"height":246,"caption":"Vastuullisuusraportointi auttaa hallitsemaan riskej\u00e4 ja hy\u00f6dynt\u00e4m\u00e4\u00e4n mahdollisuuksia I Fabrik"},{"@type":"BreadcrumbList","@id":"https:\/\/fabrik.fi\/en\/corporate-responsibility\/#breadcrumb","itemListElement":[{"@type":"ListItem","position":1,"name":"Etusivu","item":"https:\/\/fabrik.fi\/en\/"},{"@type":"ListItem","position":2,"name":"Product","item":"https:\/\/fabrik.fi\/en\/product\/"},{"@type":"ListItem","position":3,"name":"Corporate Responsibility"}]},{"@type":"WebSite","@id":"https:\/\/fabrik.fi\/en\/#website","url":"https:\/\/fabrik.fi\/en\/","name":"Fabrik","description":"Shifting business for good","publisher":{"@id":"https:\/\/fabrik.fi\/en\/#organization"},"potentialAction":[{"@type":"SearchAction","target":{"@type":"EntryPoint","urlTemplate":"https:\/\/fabrik.fi\/en\/?s={search_term_string}"},"query-input":{"@type":"PropertyValueSpecification","valueRequired":true,"valueName":"search_term_string"}}],"inLanguage":"en-US"},{"@type":"Organization","@id":"https:\/\/fabrik.fi\/en\/#organization","name":"Fabrik","url":"https:\/\/fabrik.fi\/en\/","logo":{"@type":"ImageObject","inLanguage":"en-US","@id":"https:\/\/fabrik.fi\/en\/#\/schema\/logo\/image\/","url":"https:\/\/fabrik.fi\/wp-content\/uploads\/2023\/01\/elementit_5.png","contentUrl":"https:\/\/fabrik.fi\/wp-content\/uploads\/2023\/01\/elementit_5.png","width":933,"height":1417,"caption":"Fabrik"},"image":{"@id":"https:\/\/fabrik.fi\/en\/#\/schema\/logo\/image\/"}}]}},"_links":{"self":[{"href":"https:\/\/fabrik.fi\/en\/wp-json\/wp\/v2\/product\/4405","targetHints":{"allow":["GET"]}}],"collection":[{"href":"https:\/\/fabrik.fi\/en\/wp-json\/wp\/v2\/product"}],"about":[{"href":"https:\/\/fabrik.fi\/en\/wp-json\/wp\/v2\/types\/product"}],"wp:featuredmedia":[{"embeddable":true,"href":"https:\/\/fabrik.fi\/en\/wp-json\/wp\/v2\/media\/4285"}],"wp:attachment":[{"href":"https:\/\/fabrik.fi\/en\/wp-json\/wp\/v2\/media?parent=4405"}],"wp:term":[{"taxonomy":"category","embeddable":true,"href":"https:\/\/fabrik.fi\/en\/wp-json\/wp\/v2\/categories?post=4405"}],"curies":[{"name":"wp","href":"https:\/\/api.w.org\/{rel}","templated":true}]}}