{"id":4431,"date":"2025-06-04T11:03:36","date_gmt":"2025-06-04T08:03:36","guid":{"rendered":"https:\/\/fabrik.fi\/?post_type=product&#038;p=4431"},"modified":"2024-12-11T08:45:04","modified_gmt":"2024-12-11T06:45:04","slug":"b-corp-certification","status":"publish","type":"product","link":"https:\/\/fabrik.fi\/en\/b-corp-certification\/","title":{"rendered":"B CORP CERTIFICATION"},"content":{"rendered":"<div class=\"block-container boxed container\">\n<div id=\"hero-text-block_1ec31cee2ce749f3bc6ed98c0a3468fd\" class=\"hero-text-block py-4\">\n    <div class=\"hero-text-wrapper d-flex flex-column text-left\">\n                    <H1 class=\"hero-text-title big-title  order-2\">Join the forefront of responsible businesses<\/H1>\n                    <H2 class=\"hero-text-subtitle text-uppercase h4\">B Corp certification<\/H2>\n            <\/div>\n<\/div><\/div>\n\n<div class=\"block-container boxed container\">\n<div id=\"intro-block_16e4f6db5631c783441a92a591cf3dc1\" class=\"intro-block mt-5 pt-5\">\n    <div class=\"ingress\"><p class=\"p1\">B Corp certification is a global recognition for companies that place social and environmental responsibility at the core of their business. The certification shows that your company meets the highest possible standards of responsibility \u2013 and is committed to continuous improvement.<\/p>\n<\/div><\/div><\/div>\n\n\n<div style=\"height:50px\" aria-hidden=\"true\" class=\"wp-block-spacer\"><\/div>\n\n\n<div class=\"block-container boxed container\">\n<h4 class=\"wp-block-heading has-text-align-left\">Demonstrate your commitment to responsibility<\/h4>\n<\/div>\n\n\n<div style=\"height:20px\" aria-hidden=\"true\" class=\"wp-block-spacer\"><\/div>\n\n\n<div class=\"block-container boxed container\">\n<p class=\"has-medium-font-size\">We will help you throughout the certification process and ensure that your company is eligible to join the global network of responsible businesses. B Corp certification is a sign that your company operates ethically and responsibly in five areas: governance, employees, customers, stakeholders and the environment. Certification strengthens your brand value, increases your competitive advantage, builds trust among your stakeholders and demonstrates that your company is a pioneer in responsible business.<\/p>\n<\/div>\n\n\n<div style=\"height:50px\" aria-hidden=\"true\" class=\"wp-block-spacer\"><\/div>\n\n\n<div class=\"block-container boxed container\">\n<h4 class=\"wp-block-heading has-text-align-left\">Our services<\/h4>\n<\/div>\n\n\n<div style=\"height:50px\" aria-hidden=\"true\" class=\"wp-block-spacer\"><\/div>\n\n\n<div class=\"block-container boxed container\">\n<div class=\"wp-block-columns is-layout-flex wp-container-core-columns-is-layout-9d6595d7 wp-block-columns-is-layout-flex\">\n<div class=\"wp-block-column is-layout-flow wp-block-column-is-layout-flow\" style=\"flex-basis:33.3%\"><div class=\"block-container boxed container\">\n<figure class=\"wp-block-image size-large is-resized is-style-rounded\"><img decoding=\"async\" width=\"1024\" height=\"576\" src=\"https:\/\/fabrik.fi\/wp-content\/uploads\/2022\/11\/Fanrik_bannerit_some_numerot-1024x576.jpg\" alt=\"\" class=\"wp-image-1860\" style=\"width:350px\" srcset=\"https:\/\/fabrik.fi\/wp-content\/uploads\/2022\/11\/Fanrik_bannerit_some_numerot-1024x576.jpg 1024w, https:\/\/fabrik.fi\/wp-content\/uploads\/2022\/11\/Fanrik_bannerit_some_numerot-300x169.jpg 300w, https:\/\/fabrik.fi\/wp-content\/uploads\/2022\/11\/Fanrik_bannerit_some_numerot-768x432.jpg 768w, https:\/\/fabrik.fi\/wp-content\/uploads\/2022\/11\/Fanrik_bannerit_some_numerot-1536x864.jpg 1536w, https:\/\/fabrik.fi\/wp-content\/uploads\/2022\/11\/Fanrik_bannerit_some_numerot.jpg 1920w\" sizes=\"(max-width: 1024px) 100vw, 1024px\" \/><\/figure>\n<\/div>\n\n\n<div style=\"height:30px\" aria-hidden=\"true\" class=\"wp-block-spacer\"><\/div>\n\n\n<div class=\"block-container boxed container\">\n<h4 class=\"wp-block-heading alignwide has-large-font-size\">Certification process consulting<\/h4>\n<\/div>\n\n\n<div style=\"height:10px\" aria-hidden=\"true\" class=\"wp-block-spacer\"><\/div>\n\n\n<div class=\"block-container boxed container\">\n<p class=\"has-medium-font-size\" style=\"letter-spacing:-0.7px\">The certification process may seem challenging, but we make it clear and manageable. We guide your company through all stages of certification, help you gather the necessary information and documents, and ensure that your company meets the required social and environmental responsibility criteria.<\/p>\n<\/div><\/div>\n\n\n\n<div class=\"wp-block-column is-layout-flow wp-block-column-is-layout-flow\" style=\"flex-basis:33.3%\"><div class=\"block-container boxed container\">\n<figure class=\"wp-block-image size-large is-resized is-style-rounded\"><img decoding=\"async\" width=\"1024\" height=\"576\" src=\"https:\/\/fabrik.fi\/wp-content\/uploads\/2022\/11\/Fanrik_bannerit_some_numerot2-1024x576.jpg\" alt=\"\" class=\"wp-image-1862\" style=\"width:350px\" srcset=\"https:\/\/fabrik.fi\/wp-content\/uploads\/2022\/11\/Fanrik_bannerit_some_numerot2-1024x576.jpg 1024w, https:\/\/fabrik.fi\/wp-content\/uploads\/2022\/11\/Fanrik_bannerit_some_numerot2-300x169.jpg 300w, https:\/\/fabrik.fi\/wp-content\/uploads\/2022\/11\/Fanrik_bannerit_some_numerot2-768x432.jpg 768w, https:\/\/fabrik.fi\/wp-content\/uploads\/2022\/11\/Fanrik_bannerit_some_numerot2-1536x864.jpg 1536w, https:\/\/fabrik.fi\/wp-content\/uploads\/2022\/11\/Fanrik_bannerit_some_numerot2.jpg 1920w\" sizes=\"(max-width: 1024px) 100vw, 1024px\" \/><\/figure>\n<\/div>\n\n\n<div style=\"height:30px\" aria-hidden=\"true\" class=\"wp-block-spacer\"><\/div>\n\n\n<div class=\"block-container boxed container\">\n<h4 class=\"wp-block-heading alignwide has-large-font-size\">Evaluation and development<\/h4>\n<\/div>\n\n\n<div style=\"height:10px\" aria-hidden=\"true\" class=\"wp-block-spacer\"><\/div>\n\n\n<div class=\"block-container boxed container\">\n<p class=\"has-medium-font-size\" style=\"letter-spacing:-0.7px\">We review your company&#8217;s current operations and assess different areas of it according to B Corp standards. We identify areas for improvement and provide concrete action suggestions that will help you improve your sustainability practices and achieve B Corp status.<\/p>\n<\/div><\/div>\n\n\n\n<div class=\"wp-block-column is-layout-flow wp-block-column-is-layout-flow\" style=\"flex-basis:33.3%\"><div class=\"block-container boxed container\">\n<figure class=\"wp-block-image size-large is-resized is-style-rounded\"><img decoding=\"async\" width=\"1024\" height=\"576\" src=\"https:\/\/fabrik.fi\/wp-content\/uploads\/2022\/11\/Fanrik_bannerit_some_numerot3-1024x576.jpg\" alt=\"\" class=\"wp-image-1864\" style=\"width:350px\" srcset=\"https:\/\/fabrik.fi\/wp-content\/uploads\/2022\/11\/Fanrik_bannerit_some_numerot3-1024x576.jpg 1024w, https:\/\/fabrik.fi\/wp-content\/uploads\/2022\/11\/Fanrik_bannerit_some_numerot3-300x169.jpg 300w, https:\/\/fabrik.fi\/wp-content\/uploads\/2022\/11\/Fanrik_bannerit_some_numerot3-768x432.jpg 768w, https:\/\/fabrik.fi\/wp-content\/uploads\/2022\/11\/Fanrik_bannerit_some_numerot3-1536x864.jpg 1536w, https:\/\/fabrik.fi\/wp-content\/uploads\/2022\/11\/Fanrik_bannerit_some_numerot3.jpg 1920w\" sizes=\"(max-width: 1024px) 100vw, 1024px\" \/><\/figure>\n<\/div>\n\n\n<div style=\"height:30px\" aria-hidden=\"true\" class=\"wp-block-spacer\"><\/div>\n\n\n<div class=\"block-container boxed container\">\n<h4 class=\"wp-block-heading alignwide has-large-font-size\">Certificate maintenance<\/h4>\n<\/div>\n\n\n<div style=\"height:10px\" aria-hidden=\"true\" class=\"wp-block-spacer\"><\/div>\n\n\n<div class=\"block-container boxed container\">\n<p class=\"has-medium-font-size\" style=\"letter-spacing:-0.7px\">B Corp certification is not a one-time process, but an ongoing commitment to improving sustainability. Certification is renewed every three years, ensuring a company\u2019s commitment to improving its operations. We will help you track your progress and ensure that your company maintains its certification for years to come \u2013 and continues to evolve at the forefront of sustainability.<\/p>\n<\/div><\/div>\n<\/div>\n<\/div>\n\n\n<div style=\"height:50px\" aria-hidden=\"true\" class=\"wp-block-spacer\"><\/div>\n\n\n<div class=\"block-container boxed container\">\n<div class=\"wp-block-columns are-vertically-aligned-center is-layout-flex wp-container-core-columns-is-layout-9d6595d7 wp-block-columns-is-layout-flex\">\n<div class=\"wp-block-column is-vertically-aligned-center is-layout-flow wp-block-column-is-layout-flow\" style=\"flex-basis:72.5%\"><div class=\"block-container boxed container\">\n<h4 class=\"wp-block-heading\" style=\"font-size:40px\">Together we can achieve something truly remarkable<\/h4>\n<\/div>\n\n\n<div style=\"height:20px\" aria-hidden=\"true\" class=\"wp-block-spacer\"><\/div>\n\n\n<div class=\"block-container boxed container\">\n<p class=\"has-medium-font-size\">We have extensive experience in developing corporate responsibility work and in particular the B Corp certification process. We are familiar with the certification requirements and tailor the process to meet the specific needs of your company. Our international network and extensive expertise ensure that your company can achieve certification efficiently.<\/p>\n<\/div><\/div>\n\n\n\n<div class=\"wp-block-column is-vertically-aligned-center is-layout-flow wp-block-column-is-layout-flow\" style=\"flex-basis:25%\"><div class=\"block-container boxed container\">\n<figure class=\"wp-block-image size-full is-resized\"><img decoding=\"async\" width=\"308\" height=\"484\" src=\"https:\/\/fabrik.fi\/wp-content\/uploads\/2024\/11\/Fabrik_www_tuote-bcorp-oysty.png\" alt=\"\" class=\"wp-image-4434\" style=\"width:250px\" srcset=\"https:\/\/fabrik.fi\/wp-content\/uploads\/2024\/11\/Fabrik_www_tuote-bcorp-oysty.png 308w, https:\/\/fabrik.fi\/wp-content\/uploads\/2024\/11\/Fabrik_www_tuote-bcorp-oysty-191x300.png 191w\" sizes=\"(max-width: 308px) 100vw, 308px\" \/><\/figure>\n<\/div><\/div>\n<\/div>\n<\/div>\n\n\n<div style=\"height:30px\" aria-hidden=\"true\" class=\"wp-block-spacer\"><\/div>\n\n\n<div class=\"block-container boxed container\">\n<div class=\"wp-block-columns are-vertically-aligned-center is-layout-flex wp-container-core-columns-is-layout-9d6595d7 wp-block-columns-is-layout-flex\">\n<div class=\"wp-block-column is-vertically-aligned-center is-layout-flow wp-block-column-is-layout-flow\" style=\"flex-basis:25%\"><div class=\"block-container boxed container\">\n<figure class=\"wp-block-image size-full is-resized\"><img decoding=\"async\" width=\"308\" height=\"484\" src=\"https:\/\/fabrik.fi\/wp-content\/uploads\/2024\/11\/sitaattikuva-teemu-pysty.png\" alt=\"\" class=\"wp-image-4416\" style=\"width:250px\" srcset=\"https:\/\/fabrik.fi\/wp-content\/uploads\/2024\/11\/sitaattikuva-teemu-pysty.png 308w, https:\/\/fabrik.fi\/wp-content\/uploads\/2024\/11\/sitaattikuva-teemu-pysty-191x300.png 191w\" sizes=\"(max-width: 308px) 100vw, 308px\" \/><\/figure>\n<\/div><\/div>\n\n\n\n<div class=\"wp-block-column is-vertically-aligned-center is-layout-flow wp-block-column-is-layout-flow\" style=\"flex-basis:73%\"><div class=\"block-container boxed container\">\n<p>&#8220;Our interpreting company is growing rapidly. We believe that responsible business is good business. We will soon achieve third-party audited B Corp certification and at the same time we are committed to developing our entire industry. In the future, we will strive to raise the level of responsibility requirements in public sector procurement. Fabrik&#8217;s expertise and support in the B Corp process have been a great help on this journey.&#8221;<\/p>\n<\/div>\n\n<div class=\"block-container boxed container\">\n<p>\u2014 Teemu Purmonen, Youpret<\/p>\n<\/div><\/div>\n<\/div>\n<\/div>\n\n\n<div style=\"height:50px\" aria-hidden=\"true\" class=\"wp-block-spacer\"><\/div>\n\n\n<div class=\"block-container boxed container\">\n<div class=\"wp-block-group\"><div class=\"wp-block-group__inner-container is-layout-constrained wp-block-group-is-layout-constrained\"><div class=\"block-container boxed container\">\n<h4 class=\"wp-block-heading\">Shall we start the certification process for your company together?<\/h4>\n<\/div>\n\n\n<div style=\"height:20px\" aria-hidden=\"true\" class=\"wp-block-spacer\"><\/div>\n\n\n<div class=\"block-container boxed container\">\n<p class=\"has-medium-font-size\">B Corp certification is a significant step towards a more sustainable business and a stronger brand. Contact us and we will help you start the certification process and ensure that your company achieves a globally recognized level of responsibility.<\/p>\n<\/div><\/div>\n<\/div><\/div>\n\n\n<div style=\"height:50px\" aria-hidden=\"true\" class=\"wp-block-spacer\"><\/div>\n\n\n<div class=\"block-container boxed container\">\n<figure class=\"wp-block-image size-large is-resized\"><img decoding=\"async\" width=\"1024\" height=\"290\" src=\"https:\/\/fabrik.fi\/wp-content\/uploads\/2024\/11\/fabrik_b-nosto4-en-1024x290.png\" alt=\"\" class=\"wp-image-4989\" style=\"width:1080px\" srcset=\"https:\/\/fabrik.fi\/wp-content\/uploads\/2024\/11\/fabrik_b-nosto4-en-1024x290.png 1024w, https:\/\/fabrik.fi\/wp-content\/uploads\/2024\/11\/fabrik_b-nosto4-en-300x85.png 300w, https:\/\/fabrik.fi\/wp-content\/uploads\/2024\/11\/fabrik_b-nosto4-en-768x217.png 768w, https:\/\/fabrik.fi\/wp-content\/uploads\/2024\/11\/fabrik_b-nosto4-en.png 1237w\" sizes=\"(max-width: 1024px) 100vw, 1024px\" \/><\/figure>\n<\/div>\n\n\n<div style=\"height:100px\" aria-hidden=\"true\" class=\"wp-block-spacer\"><\/div>\n\n\n<div class=\"block-container boxed container\">\n<h4 class=\"wp-block-heading has-text-align-left\">Check out our other products too<\/h4>\n<\/div>\n<div style=\"height:30px\" aria-hidden=\"true\" class=\"wp-block-spacer\"><\/div>\n<div class=\"block-container boxed container\">    <div id=\"button-group-block_e440be5277d3f57412db30f2d0cd6331\" class=\"button-group-block\">\n        <div class=\"button-group-wrapper d-flex flex-wrap\">\n                            <div class=\"button-wrapper mr-3 mb-3\">\n                    <a class=\"btn btn-outline-secondary btn-small button-group-item logo-link\" href=\"https:\/\/fabrik.fi\/en\/b-corp-certification\/\">B Corp certification<\/a>                <\/div>\n                            <div class=\"button-wrapper mr-3 mb-3\">\n                    <a class=\"btn btn-outline-secondary btn-small button-group-item logo-link\" href=\"https:\/\/fabrik.fi\/en\/corporate-responsibility\/\">Corporate responsibility<\/a>                <\/div>\n                            <div class=\"button-wrapper mr-3 mb-3\">\n                    <a class=\"btn btn-outline-secondary btn-small button-group-item logo-link\" href=\"https:\/\/fabrik.fi\/en\/crisis-communication\/\">Crisis communication<\/a>                <\/div>\n                            <div class=\"button-wrapper mr-3 mb-3\">\n                    <a class=\"btn btn-outline-secondary btn-small button-group-item logo-link\" href=\"https:\/\/fabrik.fi\/en\/employer-branding\/\">Employer branding<\/a>                <\/div>\n                            <div class=\"button-wrapper mr-3 mb-3\">\n                    <a class=\"btn btn-outline-secondary btn-small button-group-item logo-link\" href=\"https:\/\/fabrik.fi\/en\/sustainability-report\/\">Sustainability report<\/a>                <\/div>\n                            <div class=\"button-wrapper mr-3 mb-3\">\n                    <a class=\"btn btn-outline-secondary btn-small button-group-item logo-link\" href=\"https:\/\/fabrik.fi\/en\/communication-marketing\/\">Communicating &#038; Marketing<\/a>                <\/div>\n                    <\/div>\n    <\/div>\n<\/div>\n\n\n<div style=\"height:100px\" aria-hidden=\"true\" class=\"wp-block-spacer\"><\/div>\n\n\n<div class=\"block-container boxed container\">\n<div id=\"cta-block_d5d39563c99e195dd60611271bcb9522\" class=\"cta-block\">\n    <div class=\"cta-contact-persons  pt-5 pt-lg-0\">\n        <hr class=\"w-100 ml-0 pt-3\">\n            <div class=\"row\">\n                                    <div class=\"col-md-6\">\n                        <div class=\"staff-list-image mb-3\">\n                        <img decoding=\"async\" class=\"staff-list-custom-image\" alt=\"\" src=\"https:\/\/fabrik.fi\/wp-content\/uploads\/2023\/01\/Perttu20221-5-1-copy-copy-e1733384843955.jpg\"\/>                        <\/div>\n                    <\/div>\n                    <div class=\"col-md-6 d-flex align-items-center\">\n                        <div class=\"staff-list-item my-3\">\n                            <h3 class=\"cta-title h4\">Are you interested? <br>Let&#8217;s get in touch<\/h3>\n                            \n                            <hr class=\"w-50 ml-0 pt-3\">\n                            \n                            <p class=\"staff-list-name h5 pb-1\">Perttu Kouvalainen<\/p>\n                            <p class=\"staff-list-title h5 mb-3\">CEO, Partner<\/p>\n                            <div class=\"staff-link-wrapper\">\n                                <a href=\"tel:0400570270\" class=\"staff-list-phone h5 mb-0 d-block pb-1\">0400570270<\/a>\n                                <a href=\"mailto:perttu@fabrik.fi\" class=\"staff-list-email h5 mb-0 d-block pb-1\">perttu@fabrik.fi<\/a>\n                            <\/div>\n                            <!-- <div class=\"staff-list-some font-size-24\">\n                                <a href=\"https:\/\/api.whatsapp.com\/send?phone=358400570270\" class=\"staff-list-some-item pr-2\"><i class=\"fab fa-whatsapp\"><\/i><\/a><a href=\"https:\/\/www.linkedin.com\/in\/perttukouvalainen\/\" class=\"staff-list-some-item pr-2\"><i class=\"fab fa-linkedin\"><\/i><\/a>                            <\/div> -->\n                        <\/div>\n                    <\/div>\n                            <\/div>\n        <hr class=\"w-100 ml-0 pt-3\">\n    <\/div>\n<\/div><\/div>\n\n<div class=\"block-container boxed container\">\n<p><\/p>\n<\/div>","protected":false},"excerpt":{"rendered":"<p>In the midst of sustainability promises, B Corp focuses on real impact and is therefore a credible basis for corporate sustainability work.<\/p>\n","protected":false},"featured_media":4287,"template":"","categories":[],"class_list":["post-4431","product","type-product","status-publish","has-post-thumbnail","hentry"],"acf":[],"yoast_head":"<!-- This site is optimized with the Yoast SEO plugin v27.4 - https:\/\/yoast.com\/product\/yoast-seo-wordpress\/ -->\n<title>B CORP CERTIFICATION - Fabrik<\/title>\n<meta name=\"description\" content=\"What does responsible business mean for your organisation? Fabrik helps you create a truly impactful brand. Find out more!\" \/>\n<meta name=\"robots\" content=\"index, follow, max-snippet:-1, max-image-preview:large, max-video-preview:-1\" \/>\n<link rel=\"canonical\" href=\"https:\/\/fabrik.fi\/en\/b-corp-certification\/\" \/>\n<meta property=\"og:locale\" content=\"en_US\" \/>\n<meta property=\"og:type\" content=\"article\" \/>\n<meta property=\"og:title\" content=\"B CORP CERTIFICATION - Fabrik\" \/>\n<meta property=\"og:description\" content=\"What does responsible business mean for your organisation? Fabrik helps you create a truly impactful brand. Find out more!\" \/>\n<meta property=\"og:url\" content=\"https:\/\/fabrik.fi\/en\/b-corp-certification\/\" \/>\n<meta property=\"og:site_name\" content=\"Fabrik\" \/>\n<meta property=\"og:image\" content=\"https:\/\/fabrik.fi\/wp-content\/uploads\/2023\/01\/Fabrik_www_tuote-bcorp.png\" \/>\n\t<meta property=\"og:image:width\" content=\"523\" \/>\n\t<meta property=\"og:image:height\" content=\"246\" \/>\n\t<meta property=\"og:image:type\" content=\"image\/png\" \/>\n<meta name=\"twitter:card\" content=\"summary_large_image\" \/>\n<meta name=\"twitter:label1\" content=\"Est. reading time\" \/>\n\t<meta name=\"twitter:data1\" content=\"8 minutes\" \/>\n<script type=\"application\/ld+json\" class=\"yoast-schema-graph\">{\"@context\":\"https:\\\/\\\/schema.org\",\"@graph\":[{\"@type\":\"WebPage\",\"@id\":\"https:\\\/\\\/fabrik.fi\\\/en\\\/b-corp-certification\\\/\",\"url\":\"https:\\\/\\\/fabrik.fi\\\/en\\\/b-corp-certification\\\/\",\"name\":\"B CORP CERTIFICATION - Fabrik\",\"isPartOf\":{\"@id\":\"https:\\\/\\\/fabrik.fi\\\/en\\\/#website\"},\"primaryImageOfPage\":{\"@id\":\"https:\\\/\\\/fabrik.fi\\\/en\\\/b-corp-certification\\\/#primaryimage\"},\"image\":{\"@id\":\"https:\\\/\\\/fabrik.fi\\\/en\\\/b-corp-certification\\\/#primaryimage\"},\"thumbnailUrl\":\"https:\\\/\\\/fabrik.fi\\\/wp-content\\\/uploads\\\/2023\\\/01\\\/Fabrik_www_tuote-bcorp.png\",\"datePublished\":\"2025-06-04T08:03:36+00:00\",\"description\":\"What does responsible business mean for your organisation? Fabrik helps you create a truly impactful brand. Find out more!\",\"breadcrumb\":{\"@id\":\"https:\\\/\\\/fabrik.fi\\\/en\\\/b-corp-certification\\\/#breadcrumb\"},\"inLanguage\":\"en-US\",\"potentialAction\":[{\"@type\":\"ReadAction\",\"target\":[\"https:\\\/\\\/fabrik.fi\\\/en\\\/b-corp-certification\\\/\"]}]},{\"@type\":\"ImageObject\",\"inLanguage\":\"en-US\",\"@id\":\"https:\\\/\\\/fabrik.fi\\\/en\\\/b-corp-certification\\\/#primaryimage\",\"url\":\"https:\\\/\\\/fabrik.fi\\\/wp-content\\\/uploads\\\/2023\\\/01\\\/Fabrik_www_tuote-bcorp.png\",\"contentUrl\":\"https:\\\/\\\/fabrik.fi\\\/wp-content\\\/uploads\\\/2023\\\/01\\\/Fabrik_www_tuote-bcorp.png\",\"width\":523,\"height\":246,\"caption\":\"B Corp -sertifiointi luo kest\u00e4v\u00e4\u00e4 kilpailuetua\"},{\"@type\":\"BreadcrumbList\",\"@id\":\"https:\\\/\\\/fabrik.fi\\\/en\\\/b-corp-certification\\\/#breadcrumb\",\"itemListElement\":[{\"@type\":\"ListItem\",\"position\":1,\"name\":\"Etusivu\",\"item\":\"https:\\\/\\\/fabrik.fi\\\/en\\\/\"},{\"@type\":\"ListItem\",\"position\":2,\"name\":\"Product\",\"item\":\"https:\\\/\\\/fabrik.fi\\\/en\\\/product\\\/\"},{\"@type\":\"ListItem\",\"position\":3,\"name\":\"B CORP CERTIFICATION\"}]},{\"@type\":\"WebSite\",\"@id\":\"https:\\\/\\\/fabrik.fi\\\/en\\\/#website\",\"url\":\"https:\\\/\\\/fabrik.fi\\\/en\\\/\",\"name\":\"Fabrik\",\"description\":\"Shifting business for good\",\"publisher\":{\"@id\":\"https:\\\/\\\/fabrik.fi\\\/en\\\/#organization\"},\"potentialAction\":[{\"@type\":\"SearchAction\",\"target\":{\"@type\":\"EntryPoint\",\"urlTemplate\":\"https:\\\/\\\/fabrik.fi\\\/en\\\/?s={search_term_string}\"},\"query-input\":{\"@type\":\"PropertyValueSpecification\",\"valueRequired\":true,\"valueName\":\"search_term_string\"}}],\"inLanguage\":\"en-US\"},{\"@type\":\"Organization\",\"@id\":\"https:\\\/\\\/fabrik.fi\\\/en\\\/#organization\",\"name\":\"Fabrik\",\"url\":\"https:\\\/\\\/fabrik.fi\\\/en\\\/\",\"logo\":{\"@type\":\"ImageObject\",\"inLanguage\":\"en-US\",\"@id\":\"https:\\\/\\\/fabrik.fi\\\/en\\\/#\\\/schema\\\/logo\\\/image\\\/\",\"url\":\"https:\\\/\\\/fabrik.fi\\\/wp-content\\\/uploads\\\/2023\\\/01\\\/elementit_5.png\",\"contentUrl\":\"https:\\\/\\\/fabrik.fi\\\/wp-content\\\/uploads\\\/2023\\\/01\\\/elementit_5.png\",\"width\":933,\"height\":1417,\"caption\":\"Fabrik\"},\"image\":{\"@id\":\"https:\\\/\\\/fabrik.fi\\\/en\\\/#\\\/schema\\\/logo\\\/image\\\/\"}}]}<\/script>\n<!-- \/ Yoast SEO plugin. -->","yoast_head_json":{"title":"B CORP CERTIFICATION - Fabrik","description":"What does responsible business mean for your organisation? Fabrik helps you create a truly impactful brand. Find out more!","robots":{"index":"index","follow":"follow","max-snippet":"max-snippet:-1","max-image-preview":"max-image-preview:large","max-video-preview":"max-video-preview:-1"},"canonical":"https:\/\/fabrik.fi\/en\/b-corp-certification\/","og_locale":"en_US","og_type":"article","og_title":"B CORP CERTIFICATION - Fabrik","og_description":"What does responsible business mean for your organisation? Fabrik helps you create a truly impactful brand. Find out more!","og_url":"https:\/\/fabrik.fi\/en\/b-corp-certification\/","og_site_name":"Fabrik","og_image":[{"width":523,"height":246,"url":"https:\/\/fabrik.fi\/wp-content\/uploads\/2023\/01\/Fabrik_www_tuote-bcorp.png","type":"image\/png"}],"twitter_card":"summary_large_image","twitter_misc":{"Est. reading time":"8 minutes"},"schema":{"@context":"https:\/\/schema.org","@graph":[{"@type":"WebPage","@id":"https:\/\/fabrik.fi\/en\/b-corp-certification\/","url":"https:\/\/fabrik.fi\/en\/b-corp-certification\/","name":"B CORP CERTIFICATION - Fabrik","isPartOf":{"@id":"https:\/\/fabrik.fi\/en\/#website"},"primaryImageOfPage":{"@id":"https:\/\/fabrik.fi\/en\/b-corp-certification\/#primaryimage"},"image":{"@id":"https:\/\/fabrik.fi\/en\/b-corp-certification\/#primaryimage"},"thumbnailUrl":"https:\/\/fabrik.fi\/wp-content\/uploads\/2023\/01\/Fabrik_www_tuote-bcorp.png","datePublished":"2025-06-04T08:03:36+00:00","description":"What does responsible business mean for your organisation? Fabrik helps you create a truly impactful brand. Find out more!","breadcrumb":{"@id":"https:\/\/fabrik.fi\/en\/b-corp-certification\/#breadcrumb"},"inLanguage":"en-US","potentialAction":[{"@type":"ReadAction","target":["https:\/\/fabrik.fi\/en\/b-corp-certification\/"]}]},{"@type":"ImageObject","inLanguage":"en-US","@id":"https:\/\/fabrik.fi\/en\/b-corp-certification\/#primaryimage","url":"https:\/\/fabrik.fi\/wp-content\/uploads\/2023\/01\/Fabrik_www_tuote-bcorp.png","contentUrl":"https:\/\/fabrik.fi\/wp-content\/uploads\/2023\/01\/Fabrik_www_tuote-bcorp.png","width":523,"height":246,"caption":"B Corp -sertifiointi luo kest\u00e4v\u00e4\u00e4 kilpailuetua"},{"@type":"BreadcrumbList","@id":"https:\/\/fabrik.fi\/en\/b-corp-certification\/#breadcrumb","itemListElement":[{"@type":"ListItem","position":1,"name":"Etusivu","item":"https:\/\/fabrik.fi\/en\/"},{"@type":"ListItem","position":2,"name":"Product","item":"https:\/\/fabrik.fi\/en\/product\/"},{"@type":"ListItem","position":3,"name":"B CORP CERTIFICATION"}]},{"@type":"WebSite","@id":"https:\/\/fabrik.fi\/en\/#website","url":"https:\/\/fabrik.fi\/en\/","name":"Fabrik","description":"Shifting business for good","publisher":{"@id":"https:\/\/fabrik.fi\/en\/#organization"},"potentialAction":[{"@type":"SearchAction","target":{"@type":"EntryPoint","urlTemplate":"https:\/\/fabrik.fi\/en\/?s={search_term_string}"},"query-input":{"@type":"PropertyValueSpecification","valueRequired":true,"valueName":"search_term_string"}}],"inLanguage":"en-US"},{"@type":"Organization","@id":"https:\/\/fabrik.fi\/en\/#organization","name":"Fabrik","url":"https:\/\/fabrik.fi\/en\/","logo":{"@type":"ImageObject","inLanguage":"en-US","@id":"https:\/\/fabrik.fi\/en\/#\/schema\/logo\/image\/","url":"https:\/\/fabrik.fi\/wp-content\/uploads\/2023\/01\/elementit_5.png","contentUrl":"https:\/\/fabrik.fi\/wp-content\/uploads\/2023\/01\/elementit_5.png","width":933,"height":1417,"caption":"Fabrik"},"image":{"@id":"https:\/\/fabrik.fi\/en\/#\/schema\/logo\/image\/"}}]}},"_links":{"self":[{"href":"https:\/\/fabrik.fi\/en\/wp-json\/wp\/v2\/product\/4431","targetHints":{"allow":["GET"]}}],"collection":[{"href":"https:\/\/fabrik.fi\/en\/wp-json\/wp\/v2\/product"}],"about":[{"href":"https:\/\/fabrik.fi\/en\/wp-json\/wp\/v2\/types\/product"}],"wp:featuredmedia":[{"embeddable":true,"href":"https:\/\/fabrik.fi\/en\/wp-json\/wp\/v2\/media\/4287"}],"wp:attachment":[{"href":"https:\/\/fabrik.fi\/en\/wp-json\/wp\/v2\/media?parent=4431"}],"wp:term":[{"taxonomy":"category","embeddable":true,"href":"https:\/\/fabrik.fi\/en\/wp-json\/wp\/v2\/categories?post=4431"}],"curies":[{"name":"wp","href":"https:\/\/api.w.org\/{rel}","templated":true}]}}